{"id":3869,"date":"2024-07-10T11:35:33","date_gmt":"2024-07-10T09:35:33","guid":{"rendered":"https:\/\/www.gastonternes.eu\/?page_id=3869"},"modified":"2025-07-16T11:49:23","modified_gmt":"2025-07-16T09:49:23","slug":"mpr-deux-exercices-en-ligne-ch-9","status":"publish","type":"page","link":"https:\/\/www.gastonternes.eu\/de\/mpr-deux-exercices-en-ligne-ch-9\/","title":{"rendered":"Maths: Plaisir &#038; R\u00e9ussite &#8211; Chapitre 9 &#8211; Deux exercices en ligne"},"content":{"rendered":"<div data-elementor-type=\"wp-page\" data-elementor-id=\"3869\" class=\"elementor elementor-3869\" data-elementor-settings=\"[]\">\n\t\t\t\t\t\t\t<div class=\"elementor-section-wrap\">\n\t\t\t\t\t\t\t<section class=\"elementor-section elementor-top-section elementor-element elementor-element-1dc6ecd elementor-section-boxed elementor-section-height-default elementor-section-height-default\" data-id=\"1dc6ecd\" data-element_type=\"section\">\n\t\t\t\t\t\t<div class=\"elementor-container elementor-column-gap-default\">\n\t\t\t\t\t<div class=\"elementor-column elementor-col-100 elementor-top-column elementor-element elementor-element-fde6b2a\" data-id=\"fde6b2a\" data-element_type=\"column\">\n\t\t\t<div class=\"elementor-widget-wrap elementor-element-populated\">\n\t\t\t\t\t\t\t\t<div class=\"elementor-element elementor-element-9728dee elementor-widget elementor-widget-html\" data-id=\"9728dee\" data-element_type=\"widget\" data-widget_type=\"html.default\">\n\t\t\t\t<div class=\"elementor-widget-container\">\n\t\t\t   <!DOCTYPE html>\n<html lang=\"en\">\n<head>\n    <meta charset=\"UTF-8\">\n    <meta name=\"viewport\" content=\"width=device-width, initial-scale=1.0\">\n    <style>\n   .header {\n    display: flex;\n            justify-content: center;\n            align-items: center;\n            padding: 5px 20px;\n            background-color: #22223b;\n            color: white;\n}\n\n .nav-links {\n            list-style: none;\n            display: flex;\n        }\n\n        .nav-links li {\n            margin: 0 15px;\n        }\n\n        .nav-links a {\n            text-decoration: none;\n            color: white;\n            font-size: 18px;\n        }\n\n       \n\n        \/* Anpassung f\u00fcr kleinere Bildschirme *\/\n        @media screen and (max-width: 768px) {\n            .nav-links {\n                display: none;\n                flex-direction: column;\n                width: 100%;\n                position: absolute;\n                top: 60px;\n                left: 0;\n                background-color: #333;\n                text-align: center;\n            }\n\n            .nav-links.active {\n                display: flex;\n            }\n\n            .nav-links li {\n                margin: 10px 0;\n            }\n\n            \n        }\n\n.header nav ul {\n    list-style-type: none;\n    padding: 0;\n    margin: 0;\n    display: flex;\n    justify-content: center;\n}\n\n.header nav ul li {\n    margin: 0 20px;\n}\n\n.header nav ul li a {\n    color: #fff;\n    text-decoration: none;\n    font-size: 18px;\n    padding: 15px 20px;\n    display: block;\n    transition: background-color 0.3s ease;\n}\n\n.header nav ul li a:hover {\n    background-color: #003366;\n    border-radius: 5px;\n}\n\n@media (max-width: 768px) {\n    .header nav ul {\n        flex-direction: column;\n        align-items: center;\n    }\n\n    .header nav ul li {\n        margin: 10px 0;\n    }\n}\n\n@media (max-width: 480px) {\n    .header nav ul li a {\n        font-size: 16px;\n        padding: 10px 15px;\n    }\n}\n\n  <\/style>\n<\/head>\n\n<body>\n   \n   <div class=\"header\">\n      \n        <nav>\n            <ul>\n               <li><a href=\"https:\/\/www.gastonternes.eu\/de\/mpr-accueil\/\" target=\"_blank\">Accueil<\/a><\/li>\n                \n                  <li><a href=\"https:\/\/www.gastonternes.eu\/de\/mpr-auteurs\/\" target=\"_blank\">Auteurs<\/a><\/li>\n                \n                <li><a href=\"mailto:maths.plaisir.reussite@gmail.com\">Kontakt<\/a><\/li>\n            <\/ul>\n        <\/nav>\n    <\/div>\n    \n    \n    <\/body>\n<\/html>\t\t<\/div>\n\t\t\t\t<\/div>\n\t\t\t\t\t<\/div>\n\t\t<\/div>\n\t\t\t\t\t\t\t<\/div>\n\t\t<\/section>\n\t\t\t\t<section class=\"elementor-section elementor-top-section elementor-element elementor-element-35a5b1d elementor-section-boxed elementor-section-height-default elementor-section-height-default\" data-id=\"35a5b1d\" data-element_type=\"section\">\n\t\t\t\t\t\t<div class=\"elementor-container elementor-column-gap-default\">\n\t\t\t\t\t<div class=\"elementor-column elementor-col-100 elementor-top-column elementor-element elementor-element-beedb59\" data-id=\"beedb59\" data-element_type=\"column\">\n\t\t\t<div class=\"elementor-widget-wrap elementor-element-populated\">\n\t\t\t\t\t\t\t\t<div class=\"elementor-element elementor-element-670187e elementor-widget elementor-widget-heading\" data-id=\"670187e\" data-element_type=\"widget\" data-widget_type=\"heading.default\">\n\t\t\t\t<div class=\"elementor-widget-container\">\n\t\t\t<style>\/*! elementor - v3.5.4 - 23-01-2022 *\/\n.elementor-heading-title{padding:0;margin:0;line-height:1}.elementor-widget-heading .elementor-heading-title[class*=elementor-size-]>a{color:inherit;font-size:inherit;line-height:inherit}.elementor-widget-heading .elementor-heading-title.elementor-size-small{font-size:15px}.elementor-widget-heading .elementor-heading-title.elementor-size-medium{font-size:19px}.elementor-widget-heading .elementor-heading-title.elementor-size-large{font-size:29px}.elementor-widget-heading .elementor-heading-title.elementor-size-xl{font-size:39px}.elementor-widget-heading .elementor-heading-title.elementor-size-xxl{font-size:59px}<\/style><h1 class=\"elementor-heading-title elementor-size-xxl\">Chapitre 9 - Deux exercices en ligne<\/h1>\t\t<\/div>\n\t\t\t\t<\/div>\n\t\t\t\t\t<\/div>\n\t\t<\/div>\n\t\t\t\t\t\t\t<\/div>\n\t\t<\/section>\n\t\t\t\t<section class=\"elementor-section elementor-top-section elementor-element elementor-element-d521df4 elementor-section-boxed elementor-section-height-default elementor-section-height-default\" data-id=\"d521df4\" data-element_type=\"section\">\n\t\t\t\t\t\t<div class=\"elementor-container elementor-column-gap-default\">\n\t\t\t\t\t<div class=\"elementor-column elementor-col-100 elementor-top-column elementor-element elementor-element-1199e34\" data-id=\"1199e34\" data-element_type=\"column\">\n\t\t\t<div class=\"elementor-widget-wrap elementor-element-populated\">\n\t\t\t\t\t\t\t\t<div class=\"elementor-element elementor-element-c9e8414 elementor-widget elementor-widget-html\" data-id=\"c9e8414\" data-element_type=\"widget\" data-widget_type=\"html.default\">\n\t\t\t\t<div class=\"elementor-widget-container\">\n\t\t\t<!DOCTYPE html>\n<html lang=\"de\">\n<head>\n    <meta charset=\"UTF-8\">\n    <meta name=\"viewport\" content=\"width=device-width, initial-scale=1.0\">\n    <title>Questions pour un\/e champion\/ne<\/title>\n    <style>\n        body {\n            font-family: Arial, sans-serif;\n            color: white;\n            background-color: #22223b;\n        }\n        .quiz-container {\n            max-width: 1200px;\n            margin: 0 auto;\n            padding: 20px;\n            border: 1px solid #ccc;\n            border-radius: 5px;\n            box-shadow: 0 0 10px rgba(0, 0, 0, 1);\n            background-color: #white;\n        }\n        .question {\n            margin-bottom: 15px;\n        }\n        .question label {\n            display: block;\n        }\n        .result {\n            margin-top: 20px;\n            padding: 10px;\n            border: 1px solid #ccc;\n            border-radius: 5px;\n            background-color: #f9f9f9;\n            color: #333;\n        }\n        .correct {\n            color: green;\n        }\n        .incorrect {\n            color: red;\n        }\n        .button {\n            background-color: purple;\n            color: white;\n            border: none;\n            padding: 15px 32px;\n            text-align: center;\n            text-decoration: none;\n            display: inline-block;\n            font-size: 16px;\n            font-family: 'Arial';\n            margin: 4px 2px;\n            cursor: pointer;\n            border-radius: 8px;\n            transition: background-color 0.3s ease;\n        }\n        .button:hover {\n            background-color: #45a049;\n        }\n        h1 {\n            color: #FFF;\n            font-size: 36px; \n            font-family: 'Arial', sans-serif;\n            font-weight: bold;\n        }\n        h2 {\n            color: #FFF;\n            font-size: 30px;\n            font-family: 'Arial', Sans-Serif;\n            font-weight: bold;\n        }\n        h3 {\n            color: #FFF;\n            font-size: 30px;\n            font-family: 'Arial', Sans-Serif, bold;\n        }\n        h4 {\n            color: #FFF;\n            font-size: 15px;\n            font-family: 'Arial'\n        }\n        ul {\n            list-style-type: disc;\n            padding-left: 20px;\n        }\n        li {\n            margin-bottom: 10px;\n            font-size: 15px;\n        }\n        .button1 {\n            background-color: pink;\n            color: white;\n            border: none;\n            padding: 15px 32px;\n            text-align: center;\n            text-decoration: none;\n            display: inline-block;\n            font-size: 16px;\n            font-family: 'Tahoma', sans-serif;\n            margin: 4px 2px;\n            cursor: pointer;\n            border-radius: 8px;\n            transition: background-color 0.3s ease;\n        }\n        .button1:hover {\n            background-color: #45a049;\n        }\n        .hidden-text {\n            display: none;\n            margin-top: 20px;\n            font-family: Arial, sans-serif;\n            font-size: 30px;\n            font-weight: bold\n        }\n    <\/style>\n<\/head>\n<body>\n<form>\n    <h1>Questions pour un\/e champion\/ne :<\/h1>\n    <h2>Exercice 1<\/h2>\n            <p>\tConstruire (\u00e0 la main et \u00e0 l\u2019aide d\u2019un logiciel) un graphique \u00e0 partir d\u2019un texte :\n<ul>\n        <li>Tracer une droite horizontale passant par les points A et B tel que AB = 4 cm.<\/li>\n        <li>Placer les points C et D de telle mani\u00e8re que le quadrilat\u00e8re ABCD soit un rectangle avec BC = 2 cm. Tracer le rectangle ABCD.<\/li>\n        <li>\tInscrire sur le graphique le point E tel que \n        <math>\n     \n<mrow>\n          <mrow>\n      \n        <mover>\n            <mrow>\n                <mi>C<\/mi>\n                <mi>D<\/mi>\n                <mi>E<\/mi>\n               \n            <\/mrow>\n            <mi>&#xFE3F;<\/mi> <!-- Spitzes H\u00fctchen -->\n        <\/mover>\n        <mo>=<\/mo>\n        <mn>30<\/mn>\n        <mo>\u00b0<\/mo>  <!-- Grad-Symbol -->\n    <\/mrow>\n \n        <\/math>\n        \n         et DE = 1,5 cm. Tracer les segments [DE] et [CE].<\/li>\n        <li>Les points F et G appartiennent au segment [AB] avec AF = 1cm et AG = 1,5 cm.<\/li>\n        <li> Placer les points H et I tels que FGHI soit un carr\u00e9. <\/li>\n         <li> Construire ce carr\u00e9 et le demi-cercle de diam\u00e8tre HI situ\u00e9 directement au-dessus du carr\u00e9. Ceci est la porte d'entr\u00e9e de la maison. <\/li>\n          <li> J est le milieu du segment [EC] et K est tel que le triangle JKC soit rectangle en K [avec (JK)\/\/(AB)]. <\/li>\n           <li>  Construire ce triangle, qui constitue la lucarne. <\/li>\n    <\/ul>\n\t<br>\n\n\n<\/p>\n            \n\n        <h2>Exercice 2<\/h2>\n        <h4>D\u00e9terminer, sans utiliser un rapporteur ou une \u00e9querre g\u00e9om\u00e9trique  les amplitudes <i>a<\/i> et <i>a\u2019<\/i> en degr\u00e9s : <\/h4>\n        <img loading=\"lazy\" decoding=\"async\" src=\"http:\/\/www.gastonternes.eu\/wp-content\/uploads\/2025\/02\/0_Segelboot_Chap9-2e-execie-en-ligne.png\" alt=\"Description of Image\" width=\"400\" height=\"200\">\n        <br>\n        <button class=\"button1\" type=\"button\" onclick=\"showText()\">CLIQUER ICI POUR VOIR LA CORRECTION DES EXERCICES<\/button>\n        <p id=\"text\" class=\"hidden-text\">CORRIG\u00c9 DE L'EXERCICE 1 :\n        <br>\n        \n        <img loading=\"lazy\" decoding=\"async\" src=\"http:\/\/www.gastonternes.eu\/wp-content\/uploads\/2024\/07\/Ex-enLIGNE-ex2-SOLUTION.png\" alt=\"Syst\u00e8me d'\u00e9quations\" width=\"300\" height=\"200\"><br>\n       \n        \n        CORRIG\u00c9 DE L'EXERCICE 2 :<br><i>a<\/i>\u00b0 = 52\u00b0, <i>a\u2019<\/i>\u00b0 = 270\u00b0\n        <\/p>\n        \n    <input type=\"hidden\" name=\"trp-form-language\" value=\"de\"\/><\/form>\n\n    <div id=\"result\" class=\"result\" style=\"display:none;\"><\/div>\n<\/div>\n\n<script>\n    function checkQuiz() {\n        const form = document.getElementById('quizForm');\n        const resultDiv = document.getElementById('result');\n        const questions = document.querySelectorAll('.question');\n        let score = 0;\n\n        questions.forEach(question => {\n            const correctAnswer = question.getAttribute('data-answer');\n            const selectedAnswer = form.elements[question.querySelector('input[type=\"radio\"]').name].value;\n\n            if (selectedAnswer === correctAnswer) {\n                question.classList.add('correct');\n                score++;\n            } else {\n                question.classList.add('incorrect');\n            }\n\n            const labels = question.querySelectorAll('label');\n            labels.forEach(label => {\n                if (label.querySelector('input').value === correctAnswer) {\n                    label.classList.add('correct');\n                } else {\n                    label.classList.add('incorrect');\n                }\n            });\n        });\n\n        resultDiv.style.display = 'block';\n        resultDiv.textContent = `Tu as bien r\u00e9pondu \u00e0 ${score} de ${questions.length} questions.`;\n    }\n<\/script>\n <script>\n        function showText() {\n            var text = document.getElementById('text');\n            text.style.display = 'block';\n        }\n    <\/script>\n<\/body>\n<\/html>\n\t\t<\/div>\n\t\t\t\t<\/div>\n\t\t\t\t\t<\/div>\n\t\t<\/div>\n\t\t\t\t\t\t\t<\/div>\n\t\t<\/section>\n\t\t\t\t\t\t<\/div>\n\t\t\t\t\t<\/div>","protected":false},"excerpt":{"rendered":"<p>Accueil Auteurs Contact Chapitre 9 &#8211; Deux exercices en ligne Questions pour un\/e champion\/ne Questions pour un\/e champion\/ne : Exercice 1 Construire (\u00e0 la main et \u00e0 l\u2019aide d\u2019un logiciel) un graphique \u00e0 partir d\u2019un texte : Tracer une droite horizontale passant par les points A et B tel que&#8230;<\/p>","protected":false},"author":2,"featured_media":0,"parent":0,"menu_order":0,"comment_status":"closed","ping_status":"closed","template":"elementor_canvas","meta":{"footnotes":""},"class_list":["post-3869","page","type-page","status-publish","hentry"],"_links":{"self":[{"href":"https:\/\/www.gastonternes.eu\/de\/wp-json\/wp\/v2\/pages\/3869","targetHints":{"allow":["GET"]}}],"collection":[{"href":"https:\/\/www.gastonternes.eu\/de\/wp-json\/wp\/v2\/pages"}],"about":[{"href":"https:\/\/www.gastonternes.eu\/de\/wp-json\/wp\/v2\/types\/page"}],"author":[{"embeddable":true,"href":"https:\/\/www.gastonternes.eu\/de\/wp-json\/wp\/v2\/users\/2"}],"replies":[{"embeddable":true,"href":"https:\/\/www.gastonternes.eu\/de\/wp-json\/wp\/v2\/comments?post=3869"}],"version-history":[{"count":125,"href":"https:\/\/www.gastonternes.eu\/de\/wp-json\/wp\/v2\/pages\/3869\/revisions"}],"predecessor-version":[{"id":5514,"href":"https:\/\/www.gastonternes.eu\/de\/wp-json\/wp\/v2\/pages\/3869\/revisions\/5514"}],"wp:attachment":[{"href":"https:\/\/www.gastonternes.eu\/de\/wp-json\/wp\/v2\/media?parent=3869"}],"curies":[{"name":"wp","href":"https:\/\/api.w.org\/{rel}","templated":true}]}}