{"id":3924,"date":"2024-07-18T11:07:18","date_gmt":"2024-07-18T09:07:18","guid":{"rendered":"https:\/\/www.gastonternes.eu\/?page_id=3924"},"modified":"2025-07-16T12:06:06","modified_gmt":"2025-07-16T10:06:06","slug":"mpr-deux-exercices-en-ligne-ch-10","status":"publish","type":"page","link":"https:\/\/www.gastonternes.eu\/de\/mpr-deux-exercices-en-ligne-ch-10\/","title":{"rendered":"Maths: Plaisir &#038; R\u00e9ussite &#8211; Chapitre 10 &#8211; Deux exercices en ligne"},"content":{"rendered":"<div data-elementor-type=\"wp-page\" data-elementor-id=\"3924\" class=\"elementor elementor-3924\" data-elementor-settings=\"[]\">\n\t\t\t\t\t\t\t<div class=\"elementor-section-wrap\">\n\t\t\t\t\t\t\t<section class=\"elementor-section elementor-top-section elementor-element elementor-element-258a8a7 elementor-section-boxed elementor-section-height-default elementor-section-height-default\" data-id=\"258a8a7\" data-element_type=\"section\">\n\t\t\t\t\t\t<div class=\"elementor-container elementor-column-gap-default\">\n\t\t\t\t\t<div class=\"elementor-column elementor-col-100 elementor-top-column elementor-element elementor-element-392a800\" data-id=\"392a800\" data-element_type=\"column\">\n\t\t\t<div class=\"elementor-widget-wrap elementor-element-populated\">\n\t\t\t\t\t\t\t\t<div class=\"elementor-element elementor-element-5a12195 elementor-widget elementor-widget-spacer\" data-id=\"5a12195\" data-element_type=\"widget\" data-widget_type=\"spacer.default\">\n\t\t\t\t<div class=\"elementor-widget-container\">\n\t\t\t\t\t<div class=\"elementor-spacer\">\n\t\t\t<div class=\"elementor-spacer-inner\"><\/div>\n\t\t<\/div>\n\t\t\t\t<\/div>\n\t\t\t\t<\/div>\n\t\t\t\t\t<\/div>\n\t\t<\/div>\n\t\t\t\t\t\t\t<\/div>\n\t\t<\/section>\n\t\t\t\t<section class=\"elementor-section elementor-top-section elementor-element elementor-element-3fb6228 elementor-section-boxed elementor-section-height-default elementor-section-height-default\" data-id=\"3fb6228\" data-element_type=\"section\">\n\t\t\t\t\t\t<div class=\"elementor-container elementor-column-gap-default\">\n\t\t\t\t\t<div class=\"elementor-column elementor-col-100 elementor-top-column elementor-element elementor-element-1f33943\" data-id=\"1f33943\" data-element_type=\"column\">\n\t\t\t<div class=\"elementor-widget-wrap elementor-element-populated\">\n\t\t\t\t\t\t\t\t<div class=\"elementor-element elementor-element-c58379d elementor-widget elementor-widget-spacer\" data-id=\"c58379d\" data-element_type=\"widget\" data-widget_type=\"spacer.default\">\n\t\t\t\t<div class=\"elementor-widget-container\">\n\t\t\t\t\t<div class=\"elementor-spacer\">\n\t\t\t<div class=\"elementor-spacer-inner\"><\/div>\n\t\t<\/div>\n\t\t\t\t<\/div>\n\t\t\t\t<\/div>\n\t\t\t\t\t<\/div>\n\t\t<\/div>\n\t\t\t\t\t\t\t<\/div>\n\t\t<\/section>\n\t\t\t\t<section class=\"elementor-section elementor-top-section elementor-element elementor-element-0f3c547 elementor-section-boxed elementor-section-height-default elementor-section-height-default\" data-id=\"0f3c547\" data-element_type=\"section\">\n\t\t\t\t\t\t<div class=\"elementor-container elementor-column-gap-default\">\n\t\t\t\t\t<div class=\"elementor-column elementor-col-100 elementor-top-column elementor-element elementor-element-e9fd340\" data-id=\"e9fd340\" data-element_type=\"column\">\n\t\t\t<div class=\"elementor-widget-wrap elementor-element-populated\">\n\t\t\t\t\t\t\t\t<div class=\"elementor-element elementor-element-8da6f2d elementor-widget elementor-widget-html\" data-id=\"8da6f2d\" data-element_type=\"widget\" data-widget_type=\"html.default\">\n\t\t\t\t<div class=\"elementor-widget-container\">\n\t\t\t   <!DOCTYPE html>\n<html lang=\"en\">\n<head>\n    <meta charset=\"UTF-8\">\n    <meta name=\"viewport\" content=\"width=device-width, initial-scale=1.0\">\n    <style>\n   .header {\n    display: flex;\n            justify-content: center;\n            align-items: center;\n            padding: 5px 20px;\n            background-color: #22223b;\n            color: white;\n}\n\n .nav-links {\n            list-style: none;\n            display: flex;\n        }\n\n        .nav-links li {\n            margin: 0 15px;\n        }\n\n        .nav-links a {\n            text-decoration: none;\n            color: white;\n            font-size: 18px;\n        }\n\n       \n\n        \/* Anpassung f\u00fcr kleinere Bildschirme *\/\n        @media screen and (max-width: 768px) {\n            .nav-links {\n                display: none;\n                flex-direction: column;\n                width: 100%;\n                position: absolute;\n                top: 60px;\n                left: 0;\n                background-color: #333;\n                text-align: center;\n            }\n\n            .nav-links.active {\n                display: flex;\n            }\n\n            .nav-links li {\n                margin: 10px 0;\n            }\n\n            \n        }\n\n.header nav ul {\n    list-style-type: none;\n    padding: 0;\n    margin: 0;\n    display: flex;\n    justify-content: center;\n}\n\n.header nav ul li {\n    margin: 0 20px;\n}\n\n.header nav ul li a {\n    color: #fff;\n    text-decoration: none;\n    font-size: 18px;\n    padding: 15px 20px;\n    display: block;\n    transition: background-color 0.3s ease;\n}\n\n.header nav ul li a:hover {\n    background-color: #003366;\n    border-radius: 5px;\n}\n\n@media (max-width: 768px) {\n    .header nav ul {\n        flex-direction: column;\n        align-items: center;\n    }\n\n    .header nav ul li {\n        margin: 10px 0;\n    }\n}\n\n@media (max-width: 480px) {\n    .header nav ul li a {\n        font-size: 16px;\n        padding: 10px 15px;\n    }\n}\n\n  <\/style>\n<\/head>\n\n<body>\n   \n   <div class=\"header\">\n      \n        <nav>\n            <ul>\n               <li><a href=\"https:\/\/www.gastonternes.eu\/de\/mpr-accueil\/\" target=\"_blank\">Accueil<\/a><\/li>\n                \n                  <li><a href=\"https:\/\/www.gastonternes.eu\/de\/mpr-auteurs\/\" target=\"_blank\">Auteurs<\/a><\/li>\n                \n                <li><a href=\"mailto:maths.plaisir.reussite@gmail.com\">Kontakt<\/a><\/li>\n            <\/ul>\n        <\/nav>\n    <\/div>\n    \n    \n    <\/body>\n<\/html>\t\t<\/div>\n\t\t\t\t<\/div>\n\t\t\t\t\t<\/div>\n\t\t<\/div>\n\t\t\t\t\t\t\t<\/div>\n\t\t<\/section>\n\t\t\t\t<section class=\"elementor-section elementor-top-section elementor-element elementor-element-35a5b1d elementor-section-boxed elementor-section-height-default elementor-section-height-default\" data-id=\"35a5b1d\" data-element_type=\"section\">\n\t\t\t\t\t\t<div class=\"elementor-container elementor-column-gap-default\">\n\t\t\t\t\t<div class=\"elementor-column elementor-col-100 elementor-top-column elementor-element elementor-element-beedb59\" data-id=\"beedb59\" data-element_type=\"column\">\n\t\t\t<div class=\"elementor-widget-wrap elementor-element-populated\">\n\t\t\t\t\t\t\t\t<div class=\"elementor-element elementor-element-670187e elementor-widget elementor-widget-heading\" data-id=\"670187e\" data-element_type=\"widget\" data-widget_type=\"heading.default\">\n\t\t\t\t<div class=\"elementor-widget-container\">\n\t\t\t<style>\/*! elementor - v3.5.4 - 23-01-2022 *\/\n.elementor-heading-title{padding:0;margin:0;line-height:1}.elementor-widget-heading .elementor-heading-title[class*=elementor-size-]>a{color:inherit;font-size:inherit;line-height:inherit}.elementor-widget-heading .elementor-heading-title.elementor-size-small{font-size:15px}.elementor-widget-heading .elementor-heading-title.elementor-size-medium{font-size:19px}.elementor-widget-heading .elementor-heading-title.elementor-size-large{font-size:29px}.elementor-widget-heading .elementor-heading-title.elementor-size-xl{font-size:39px}.elementor-widget-heading .elementor-heading-title.elementor-size-xxl{font-size:59px}<\/style><h1 class=\"elementor-heading-title elementor-size-xxl\">Chapitre 10 - Deux exercices en ligne<\/h1>\t\t<\/div>\n\t\t\t\t<\/div>\n\t\t\t\t\t<\/div>\n\t\t<\/div>\n\t\t\t\t\t\t\t<\/div>\n\t\t<\/section>\n\t\t\t\t<section class=\"elementor-section elementor-top-section elementor-element elementor-element-d521df4 elementor-section-boxed elementor-section-height-default elementor-section-height-default\" data-id=\"d521df4\" data-element_type=\"section\">\n\t\t\t\t\t\t<div class=\"elementor-container elementor-column-gap-default\">\n\t\t\t\t\t<div class=\"elementor-column elementor-col-100 elementor-top-column elementor-element elementor-element-1199e34\" data-id=\"1199e34\" data-element_type=\"column\">\n\t\t\t<div class=\"elementor-widget-wrap elementor-element-populated\">\n\t\t\t\t\t\t\t\t<div class=\"elementor-element elementor-element-f24d012 elementor-widget elementor-widget-html\" data-id=\"f24d012\" data-element_type=\"widget\" data-widget_type=\"html.default\">\n\t\t\t\t<div class=\"elementor-widget-container\">\n\t\t\t<!DOCTYPE html>\n<html lang=\"en\">\n<head>\n    <meta charset=\"UTF-8\">\n    <meta name=\"viewport\" content=\"width=device-width, initial-scale=1.0\">\n    <title>Quiz Table<\/title>\n    <style>\n        body {\n            font-family: Arial, sans-serif;\n            display: flex;\n            justify-content: center;\n            align-items: center;\n            height: 100vh;\n            background-color: white;\n            margin: 0;\n            text-align: center;\n        }\n        table {\n            width: 100%;\n            border-collapse: collapse;\n        }\n        table, th, td {\n            border: 1px solid black;\n        }\n        th, td {\n            padding: 10px;\n            text-align: center;\n        }\n        th {\n            background-color: #f2f2f2;\n        }\n        input[type=\"text\"] {\n            width: 100%;\n            box-sizing: border-box;\n        }\n        .correct {\n            background-color: #c8e6c9;\n        }\n        .incorrect {\n            background-color: #ffcdd2;\n        }\n        .button {\n            background-color: purple;\n            color: white;\n            border: none;\n            padding: 15px 32px;\n            text-align: center;\n            text-decoration: none;\n            display: inline-block;\n            font-size: 16px;\n            font-family: 'Arial';\n            margin: 4px 2px;\n            cursor: pointer;\n            border-radius: 8px;\n            transition: background-color 0.3s ease;\n        }\n        .button:hover {\n            background-color: #45a049;\n        }\n        .button1 {\n            background-color: pink;\n            color: white;\n            border: none;\n            padding: 15px 32px;\n            text-align: center;\n            text-decoration: none;\n            display: inline-block;\n            font-size: 16px;\n            font-family: 'Tahoma', cursive, sans-serif;\n            margin: 4px 2px;\n            cursor: pointer;\n            border-radius: 8px;\n            transition: background-color 0.3s ease;\n        }\n        .button1:hover {\n            background-color: #45a049;\n        }\n        .hidden-text {\n            display: none;\n            margin-top: 20px;\n        }\n    <\/style>\n<\/head>\n\n<body>\n   \n    \n    <h1>Exercice 1<\/h1>\n    <h3>Remplir la grille suivante par des croix (\u00ab x \u00bb) dans les cases qui indiquent des conversions correctes :<\/h3>\n    <form id=\"quizForm\" onsubmit=\"return false;\">\n        <table>\n            <tr>\n                <th>Question<\/th>\n                <th>a)<\/th>\n                <th>b)<\/th>\n                <th>c)<\/th>\n            <\/tr>\n            <tr>\n                <td>1)<\/td>\n                <td><input type=\"text\" name=\"answer1-3\"><\/td>\n                <td><input type=\"text\" name=\"answer1-4\"><\/td>\n                <td><input type=\"text\" name=\"answer1-5\"><\/td>\n            <\/tr>\n            <tr>\n                <td>2)<\/td>\n                <td><input type=\"text\" name=\"answer2-3\"><\/td>\n                <td><input type=\"text\" name=\"answer2-4\"><\/td>\n                <td><input type=\"text\" name=\"answer2-5\"><\/td>\n            <\/tr>\n            <tr>\n                <td>3)<\/td>\n                <td><input type=\"text\" name=\"answer3-3\"><\/td>\n                <td><input type=\"text\" name=\"answer3-4\"><\/td>\n                <td><input type=\"text\" name=\"answer3-5\"><\/td>\n            <\/tr>\n            <tr>\n                <td>4)<\/td>\n                <td><input type=\"text\" name=\"answer4-3\"><\/td>\n                <td><input type=\"text\" name=\"answer4-4\"><\/td>\n                <td><input type=\"text\" name=\"answer4-5\"><\/td>\n            <\/tr>\n            <tr>\n                <td>5)<\/td>\n                <td><input type=\"text\" name=\"answer5-3\"><\/td>\n                <td><input type=\"text\" name=\"answer5-4\"><\/td>\n                <td><input type=\"text\" name=\"answer5-5\"><\/td>\n            <\/tr>\n            <tr>\n                <td>6)<\/td>\n                <td><input type=\"text\" name=\"answer6-3\"><\/td>\n                <td><input type=\"text\" name=\"answer6-4\"><\/td>\n                <td><input type=\"text\" name=\"answer6-5\"><\/td>\n            <\/tr>\n            <tr>\n                <td>7)<\/td>\n                <td><input type=\"text\" name=\"answer7-3\"><\/td>\n                <td><input type=\"text\" name=\"answer7-4\"><\/td>\n                <td><input type=\"text\" name=\"answer7-5\"><\/td>\n            <\/tr>\n        <\/table>\n        <br>\n         <table>\n            <tr>\n                <th>Question<\/th>\n                <th>a)<\/th>\n                <th>b)<\/th>\n                <th>c)<\/th>\n            <\/tr>\n            <tr>\n                <td>1) 347 m<sup>2<\/sup> = ?<\/td>\n                <td>0,347 dam<sup>2<\/sup><\/td>\n                <td>34 700 cm<sup>2<\/sup><\/td>\n                <td>3,47 a<\/td>\n            <\/tr>\n            <tr>\n                <td>2) 5 432 kg  = ?<\/td>\n                <td>5 432 000 mg<\/td>\n                <td>54 320 hg<\/td>\n                <td>543 200 g<\/td>\n            <\/tr>\n            <tr>\n                <td>3) 25 000 l  = ?<\/td>\n                <td>250 hl<\/td>\n                <td>25 ml<\/td>\n                <td>2 500 000 cl<\/td>\n            <\/tr>\n            <tr>\n                <td>4) 2 030 m<sup>3<\/sup> = ?<\/td>\n                <td>2,03 dm<sup>3<\/sup><\/td>\n                <td>2 030 000 l<\/td>\n                <td>2, 030 km<sup>3<\/sup><\/td>\n            <\/tr>\n            <tr>\n                <td>5) 45\u00b030\u2019 = ?<\/td>\n                <td>45,3\u00b0<\/td>\n                <td>45,5\u00b0<\/td>\n                <td>2 730\u2019<\/td>\n            <\/tr>\n            <tr>\n                <td>6) 2h 5min 6sec = ?<\/td>\n                <td>125,1 min<\/td>\n                <td>7 506 sec<\/td>\n                <td>2,085 h<\/td>\n            <\/tr>\n            <tr>\n                <td>7) 3,4 l d\u2019eau pure \u00e0 4\u00b0C = ?<\/td>\n                <td>3 400 g<\/td>\n                <td>3 400 cm<sup>3<\/sup><\/td>\n                <td>3,4 kg<\/td>\n            <\/tr>\n        <\/table>\n        <h1>Exercice 2<\/h1>\n    <h2>Pour la St Valentin<\/h2>\n    <img loading=\"lazy\" decoding=\"async\" src=\"http:\/\/www.gastonternes.eu\/wp-content\/uploads\/2024\/07\/coeur-enligne.png\" alt=\"Description of Image\" width=\"300\" height=\"200\">\n    <h4>Le c\u0153ur ci-dessus est construit sur la base de deux triangles \u00e9quilat\u00e9raux ABC et DEF de c\u00f4t\u00e9s 4 cm. <br>\n    Calculer l\u2019aire du c\u0153ur, sachant que l\u2019aire de chacun des triangles \u00e9quilat\u00e9raux est approximativement 6,93 cm<sup>2<\/sup>.\n<\/h4>\n    <br>\n    <br>\n       \n        <button class=\"button\" type=\"button\" onclick=\"checkAnswers()\">CONTR\u00d4LER LES R\u00c9PONSES DE L'EXERCICE 1<\/button>\n        \n         <button class=\"button1\" type=\"button\" onclick=\"showText()\">CLIQUER ICI POUR VOIR LA CORRECTION DE L'EXERCICE 2<\/button>\n        <p id=\"text\" class=\"hidden-text\">Aire totale des deux demi-disques de diam\u00e8tre [CD] respectivement [CF] : \u03c0&sdot;<i>r<\/i><sup>2<\/sup> = \u03c0 \u2248 3,14 cm<sup>2<\/sup>.<br>\nL\u2019aire restante est celle du grand triangle DEF  \u2248 6,93 cm<sup>2<\/sup>.<br>\nValeur approch\u00e9e de l\u2019aire totale : 3,14 + 6,93 = 10,07 cm<sup>2<\/sup>.\n<br>\n        <img loading=\"lazy\" decoding=\"async\" src=\"http:\/\/www.gastonternes.eu\/wp-content\/uploads\/2024\/07\/coeur-enligne-CORRECTION.png\" alt=\"Syst\u00e8me d'\u00e9quations\" width=\"400\" height=\"250\">\n        <\/p>\n    <input type=\"hidden\" name=\"trp-form-language\" value=\"de\"\/><\/form>\n\n    <script>\n        function showText() {\n            var text = document.getElementById('text');\n            text.style.display = 'block';\n        }\n\n        function checkAnswers() {\n            const correctAnswers = {\n                \"answer1-3\": \"\",\n                \"answer1-4\": \"\",\n                \"answer1-5\": \"x\",\n                \"answer2-3\": \"\",\n                \"answer2-4\": \"x\",\n                \"answer2-5\": \"\",\n                \"answer3-3\": \"x\",\n                \"answer3-4\": \"\",\n                \"answer3-5\": \"x\",\n                \"answer4-3\": \"\",\n                \"answer4-4\": \"x\",\n                \"answer4-5\": \"\",\n                \"answer5-3\": \"\",\n                \"answer5-4\": \"x\",\n                \"answer5-5\": \"x\",\n                \"answer6-3\": \"x\",\n                \"answer6-4\": \"x\",\n                \"answer6-5\": \"x\",\n                \"answer7-3\": \"x\",\n                \"answer7-4\": \"x\",\n                \"answer7-5\": \"x\",\n            };\n\n            const form = document.getElementById(\"quizForm\");\n            for (const [key, value] of Object.entries(correctAnswers)) {\n                const input = form.elements[key];\n                if (input) {\n                    if (input.value.trim().toLowerCase() === value.toLowerCase()) {\n                        input.classList.add(\"correct\");\n                        input.classList.remove(\"incorrect\");\n                    } else {\n                        input.classList.add(\"incorrect\");\n                        input.classList.remove(\"correct\");\n                    }\n                }\n            }\n        }\n    <\/script>\n<\/body>\n<\/html>\n\n\t\t<\/div>\n\t\t\t\t<\/div>\n\t\t\t\t\t<\/div>\n\t\t<\/div>\n\t\t\t\t\t\t\t<\/div>\n\t\t<\/section>\n\t\t\t\t\t\t<\/div>\n\t\t\t\t\t<\/div>","protected":false},"excerpt":{"rendered":"<p>Accueil Auteurs Contact Chapitre 10 &#8211; Deux exercices en ligne Quiz Table Exercice 1 Remplir la grille suivante par des croix (\u00ab x \u00bb) dans les cases qui indiquent des conversions correctes : Question a) b) c) 1) 2) 3) 4) 5) 6) 7) Question a) b) c) 1) 347&#8230;<\/p>","protected":false},"author":2,"featured_media":0,"parent":0,"menu_order":0,"comment_status":"closed","ping_status":"closed","template":"elementor_canvas","meta":{"footnotes":""},"class_list":["post-3924","page","type-page","status-publish","hentry"],"_links":{"self":[{"href":"https:\/\/www.gastonternes.eu\/de\/wp-json\/wp\/v2\/pages\/3924","targetHints":{"allow":["GET"]}}],"collection":[{"href":"https:\/\/www.gastonternes.eu\/de\/wp-json\/wp\/v2\/pages"}],"about":[{"href":"https:\/\/www.gastonternes.eu\/de\/wp-json\/wp\/v2\/types\/page"}],"author":[{"embeddable":true,"href":"https:\/\/www.gastonternes.eu\/de\/wp-json\/wp\/v2\/users\/2"}],"replies":[{"embeddable":true,"href":"https:\/\/www.gastonternes.eu\/de\/wp-json\/wp\/v2\/comments?post=3924"}],"version-history":[{"count":86,"href":"https:\/\/www.gastonternes.eu\/de\/wp-json\/wp\/v2\/pages\/3924\/revisions"}],"predecessor-version":[{"id":5579,"href":"https:\/\/www.gastonternes.eu\/de\/wp-json\/wp\/v2\/pages\/3924\/revisions\/5579"}],"wp:attachment":[{"href":"https:\/\/www.gastonternes.eu\/de\/wp-json\/wp\/v2\/media?parent=3924"}],"curies":[{"name":"wp","href":"https:\/\/api.w.org\/{rel}","templated":true}]}}