{"id":4415,"date":"2025-02-01T14:09:48","date_gmt":"2025-02-01T13:09:48","guid":{"rendered":"https:\/\/www.gastonternes.eu\/?page_id=4415"},"modified":"2025-07-09T12:19:41","modified_gmt":"2025-07-09T10:19:41","slug":"mpr-solutions-ch-1","status":"publish","type":"page","link":"https:\/\/www.gastonternes.eu\/de\/mpr-solutions-ch-1\/","title":{"rendered":"Maths: Plaisir et r\u00e9ussite &#8211; Solutions &#8211; Chapitre 1"},"content":{"rendered":"<div data-elementor-type=\"wp-page\" data-elementor-id=\"4415\" class=\"elementor elementor-4415\" data-elementor-settings=\"[]\">\n\t\t\t\t\t\t\t<div class=\"elementor-section-wrap\">\n\t\t\t\t\t\t\t<section class=\"elementor-section elementor-top-section elementor-element elementor-element-760a9ee elementor-section-boxed elementor-section-height-default elementor-section-height-default\" data-id=\"760a9ee\" data-element_type=\"section\">\n\t\t\t\t\t\t<div class=\"elementor-container elementor-column-gap-default\">\n\t\t\t\t\t<div class=\"elementor-column elementor-col-100 elementor-top-column elementor-element elementor-element-2765530\" data-id=\"2765530\" data-element_type=\"column\">\n\t\t\t<div class=\"elementor-widget-wrap\">\n\t\t\t\t\t\t\t\t\t<\/div>\n\t\t<\/div>\n\t\t\t\t\t\t\t<\/div>\n\t\t<\/section>\n\t\t\t\t<section class=\"elementor-section elementor-top-section elementor-element elementor-element-6e26327 elementor-section-boxed elementor-section-height-default elementor-section-height-default\" data-id=\"6e26327\" data-element_type=\"section\">\n\t\t\t\t\t\t<div class=\"elementor-container elementor-column-gap-default\">\n\t\t\t\t\t<div class=\"elementor-column elementor-col-100 elementor-top-column elementor-element elementor-element-3dff3e4\" data-id=\"3dff3e4\" data-element_type=\"column\">\n\t\t\t<div class=\"elementor-widget-wrap elementor-element-populated\">\n\t\t\t\t\t\t\t\t<div class=\"elementor-element elementor-element-809667a elementor-widget elementor-widget-html\" data-id=\"809667a\" data-element_type=\"widget\" data-widget_type=\"html.default\">\n\t\t\t\t<div class=\"elementor-widget-container\">\n\t\t\t   <!DOCTYPE html>\n<html lang=\"en\">\n<head>\n    <meta charset=\"UTF-8\">\n    <meta name=\"viewport\" content=\"width=device-width, initial-scale=1.0\">\n    <style>\n   .header {\n    display: flex;\n            justify-content: center;\n            align-items: center;\n            padding: 5px 20px;\n            background-color: #22223b;\n            color: white;\n}\n\n .nav-links {\n            list-style: none;\n            display: flex;\n        }\n\n        .nav-links li {\n            margin: 0 15px;\n        }\n\n        .nav-links a {\n            text-decoration: none;\n            color: white;\n            font-size: 18px;\n        }\n\n       \n\n        \/* Anpassung f\u00fcr kleinere Bildschirme *\/\n        @media screen and (max-width: 768px) {\n            .nav-links {\n                display: none;\n                flex-direction: column;\n                width: 100%;\n                position: absolute;\n                top: 60px;\n                left: 0;\n                background-color: #333;\n                text-align: center;\n            }\n\n            .nav-links.active {\n                display: flex;\n            }\n\n            .nav-links li {\n                margin: 10px 0;\n            }\n\n            \n        }\n\n.header nav ul {\n    list-style-type: none;\n    padding: 0;\n    margin: 0;\n    display: flex;\n    justify-content: center;\n}\n\n.header nav ul li {\n    margin: 0 20px;\n}\n\n.header nav ul li a {\n    color: #fff;\n    text-decoration: none;\n    font-size: 18px;\n    padding: 15px 20px;\n    display: block;\n    transition: background-color 0.3s ease;\n}\n\n.header nav ul li a:hover {\n    background-color: #003366;\n    border-radius: 5px;\n}\n\n@media (max-width: 768px) {\n    .header nav ul {\n        flex-direction: column;\n        align-items: center;\n    }\n\n    .header nav ul li {\n        margin: 10px 0;\n    }\n}\n\n@media (max-width: 480px) {\n    .header nav ul li a {\n        font-size: 16px;\n        padding: 10px 15px;\n    }\n}\n\n  <\/style>\n<\/head>\n\n<body>\n   \n  <div class=\"header\">\n      \n        <nav>\n            <ul>\n               <li><a href=\"https:\/\/www.gastonternes.eu\/de\/mpr-accueil\/\" target=\"_blank\">Accueil<\/a><\/li>\n                \n                  <li><a href=\"https:\/\/www.gastonternes.eu\/de\/mpr-auteurs\/\" target=\"_blank\">Auteurs<\/a><\/li>\n                \n                <li><a href=\"mailto:maths.plaisir.reussite@gmail.com\">Kontakt<\/a><\/li>\n            <\/ul>\n        <\/nav>\n    <\/div>\n    \n    \n    <\/body>\n<\/html>\t\t<\/div>\n\t\t\t\t<\/div>\n\t\t\t\t\t<\/div>\n\t\t<\/div>\n\t\t\t\t\t\t\t<\/div>\n\t\t<\/section>\n\t\t\t\t<section class=\"elementor-section elementor-top-section elementor-element elementor-element-603245f elementor-section-boxed elementor-section-height-default elementor-section-height-default\" data-id=\"603245f\" data-element_type=\"section\">\n\t\t\t\t\t\t<div class=\"elementor-container elementor-column-gap-default\">\n\t\t\t\t\t<div class=\"elementor-column elementor-col-100 elementor-top-column elementor-element elementor-element-754fa1f\" data-id=\"754fa1f\" data-element_type=\"column\">\n\t\t\t<div class=\"elementor-widget-wrap elementor-element-populated\">\n\t\t\t\t\t\t\t\t<div class=\"elementor-element elementor-element-c727cde elementor-widget elementor-widget-image\" data-id=\"c727cde\" data-element_type=\"widget\" data-widget_type=\"image.default\">\n\t\t\t\t<div class=\"elementor-widget-container\">\n\t\t\t<style>\/*! elementor - v3.5.4 - 23-01-2022 *\/\n.elementor-widget-image{text-align:center}.elementor-widget-image a{display:inline-block}.elementor-widget-image a img[src$=\".svg\"]{width:48px}.elementor-widget-image img{vertical-align:middle;display:inline-block}<\/style>\t\t\t\t\t\t\t\t\t\t\t\t<img decoding=\"async\" src=\"https:\/\/www.gastonternes.eu\/wp-content\/uploads\/2024\/07\/Bildschirmfoto-2024-07-03-um-16.36.00.png\" title=\"Bildschirmfoto 2024-07-03 um 16.36.00\" alt=\"Bildschirmfoto 2024-07-03 um 16.36.00\" \/>\t\t\t\t\t\t\t\t\t\t\t\t\t\t\t<\/div>\n\t\t\t\t<\/div>\n\t\t\t\t\t<\/div>\n\t\t<\/div>\n\t\t\t\t\t\t\t<\/div>\n\t\t<\/section>\n\t\t\t\t<section class=\"elementor-section elementor-top-section elementor-element elementor-element-39d3ebf elementor-section-boxed elementor-section-height-default elementor-section-height-default\" data-id=\"39d3ebf\" data-element_type=\"section\">\n\t\t\t\t\t\t<div class=\"elementor-container elementor-column-gap-default\">\n\t\t\t\t\t<div class=\"elementor-column elementor-col-100 elementor-top-column elementor-element elementor-element-da8574c\" data-id=\"da8574c\" data-element_type=\"column\">\n\t\t\t<div class=\"elementor-widget-wrap elementor-element-populated\">\n\t\t\t\t\t\t\t\t<div class=\"elementor-element elementor-element-6fac3fe elementor-widget elementor-widget-html\" data-id=\"6fac3fe\" data-element_type=\"widget\" data-widget_type=\"html.default\">\n\t\t\t\t<div class=\"elementor-widget-container\">\n\t\t\t<!DOCTYPE html>\n<html lang=\"en\">\n<head>\n    <meta charset=\"UTF-8\">\n    <meta name=\"viewport\" content=\"width=device-width, initial-scale=1.0\">\n    <title>Text Layout Example<\/title>\n    <style>\n        body {\n            font-family: 'Arial', sans-serif;\n            background-color: #f4f4f9;\n            color: #333;\n            margin: 0;\n            padding: 20px;\n        }\n        .container {\n            max-width: 1000px;\n            margin: 0 auto;\n            padding-top: 50px\n            padding: 20px;\n            background-color: #fff;\n            border-radius: 8px;\n            box-shadow: 0 4px 8px rgba(0, 0, 0, 0.1);\n        }\n        h1, h2, h3 {\n            color: #004e92;\n            border-bottom: 2px solid #ddd;\n            padding-bottom: 5px;\n            margin-top: 40px\n            margin-bottom: 20px;\n        }\n        h1 {\n            font-size: 2em;\n        }\n        h2 {\n            font-size: 1.5em;\n        }\n        h3 {\n            font-size: 1.2em;\n        }\n        p {\n            line-height: 1.6;\n            margin: 20px 0;\n        }\n        ul {\n            list-style-type: disc;\n            margin: 20px 0;\n            padding-left: 40px;\n        }\n        ul li {\n            margin: 10px 0;\n        }\n        .highlight {\n            background-color: #e0f7fa;\n            border-left: 4px solid #004e92;\n            padding: 10px 15px;\n            margin: 20px 0;\n        }\n        .button {\n            display: inline-block;\n            padding: 10px 20px;\n            margin-top: 20px;\n            background-color: #004e92;\n            color: #fff;\n            text-decoration: none;\n            border-radius: 5px;\n        }\n        .button:hover {\n            background-color: #003366;\n        }\n         .fraction {\n            display: inline-block;\n            text-align: center;\n            vertical-align: middle;\n        }\n        .fraction .numerator,\n        .fraction .denominator {\n            display: block;\n        }\n        .fraction .numerator {\n            border-bottom: 1px solid #000;\n        }\n        .fraction .denominator {\n            margin-top: -0.2em;\n        }\n       \n      \n      \n      table, th, td {\n  border: 1px solid;\n  margin-left: p;\n  margin-right: px;\n}\n        \n    <\/style>\n<\/head>\n<body>\n   \n    \n    \n    <div class=\"container\">\n        \n        <p id=\"Chapitre1\"><h1>Chapitre 1<\/h1><\/p> \n        <p>Vous trouvez ci-dessous toutes les solutions des activit\u00e9s, \u00e9nigmes ou jeux du chapitre 1.<\/p>\n        \n        <h2>Page 21: \u00c9galit\u00e9 de deux ensembles<\/h2>\n        <p>Solution : <i>C<\/i> = <i>D<\/i>\n\n        <ul>\n            <li><i>C<\/i> \u2260 <i>E<\/i> (car 8 \u2209 <i>C<\/i> mais 8 \u2208 <i>E<\/i>) <\/li>\n            <li> <i>C<\/i> \u2260 <i>F<\/i> (8 \u2209 C mais 8 \u2208 <i>F<\/i> ou 13 \u2209 <i>C<\/i> mais 13 \u2208 <i>F<\/i>)<\/li>\n            <li>E \u2260 <i>F<\/i> (13 \u2209 <i>E<\/i> mais 13 \u2208 <i>F<\/i>)<\/li>\n        <\/ul>\n                  <\/p>\n        \n        \n        <div class=\"highlight\">\n            <p><\/p>\n        <\/div>\n        \n\n        \n       \n    <\/div>\n<\/body>\n<\/html>\n\t\t<\/div>\n\t\t\t\t<\/div>\n\t\t\t\t\t<\/div>\n\t\t<\/div>\n\t\t\t\t\t\t\t<\/div>\n\t\t<\/section>\n\t\t\t\t\t\t<\/div>\n\t\t\t\t\t<\/div>","protected":false},"excerpt":{"rendered":"<p>Accueil Auteurs Contact Text Layout Example Chapitre 1 Vous trouvez ci-dessous toutes les solutions des activit\u00e9s, \u00e9nigmes ou jeux du chapitre 1. Page 21: \u00c9galit\u00e9 de deux ensembles Solution : C = D C \u2260 E (car 8 \u2209 C mais 8 \u2208 E) C \u2260 F (8 \u2209 C&#8230;<\/p>","protected":false},"author":2,"featured_media":0,"parent":0,"menu_order":0,"comment_status":"closed","ping_status":"closed","template":"elementor_canvas","meta":{"footnotes":""},"class_list":["post-4415","page","type-page","status-publish","hentry"],"_links":{"self":[{"href":"https:\/\/www.gastonternes.eu\/de\/wp-json\/wp\/v2\/pages\/4415","targetHints":{"allow":["GET"]}}],"collection":[{"href":"https:\/\/www.gastonternes.eu\/de\/wp-json\/wp\/v2\/pages"}],"about":[{"href":"https:\/\/www.gastonternes.eu\/de\/wp-json\/wp\/v2\/types\/page"}],"author":[{"embeddable":true,"href":"https:\/\/www.gastonternes.eu\/de\/wp-json\/wp\/v2\/users\/2"}],"replies":[{"embeddable":true,"href":"https:\/\/www.gastonternes.eu\/de\/wp-json\/wp\/v2\/comments?post=4415"}],"version-history":[{"count":31,"href":"https:\/\/www.gastonternes.eu\/de\/wp-json\/wp\/v2\/pages\/4415\/revisions"}],"predecessor-version":[{"id":5442,"href":"https:\/\/www.gastonternes.eu\/de\/wp-json\/wp\/v2\/pages\/4415\/revisions\/5442"}],"wp:attachment":[{"href":"https:\/\/www.gastonternes.eu\/de\/wp-json\/wp\/v2\/media?parent=4415"}],"curies":[{"name":"wp","href":"https:\/\/api.w.org\/{rel}","templated":true}]}}